{"id":121,"date":"2020-02-24T10:52:54","date_gmt":"2020-02-24T10:52:54","guid":{"rendered":"http:\/\/putkiradiomuseo.fi\/Viestikilta\/?page_id=121"},"modified":"2024-07-07T13:16:12","modified_gmt":"2024-07-07T13:16:12","slug":"oi5acf","status":"publish","type":"page","link":"http:\/\/putkiradiomuseo.fi\/Viestikilta\/oi5acf\/","title":{"rendered":"OI5ACF"},"content":{"rendered":"<h2 style=\"text-align: center;\"><strong>OI5ACF<\/strong> on Kymen Viestikilta ry:n sotilasradioamat\u00f6\u00f6riaseman kutsumerkki.<\/h2>\n<hr \/>\n<h2><strong><a href=\"https:\/\/www.facebook.com\/Sotilasradioamat%C3%B6%C3%B6rit-1727132243977340\/\">Sotilasradioamat\u00f6\u00f6rien FACEBOOK-sivu<\/a><\/strong><\/h2>\n<hr \/>\n<h2>Yhteyksi\u00e4 \u201dpuskista\u201d &#8211; N\u00e4in yhdist\u00e4t helposti ulkoilun ja radioamat\u00f6\u00f6ritoiminnan sek\u00e4 kehit\u00e4t viestimiehen perustaitoja<\/h2>\n<p>Radioamat\u00f6\u00f6ritoiminnassa on viime vuosina maailmanlaajuisesti yleistynyt niin sanottu \u201dpuskakusoilu\u201d. T\u00e4ss\u00e4 tarkoituksena on joko itse l\u00e4hte\u00e4 luontoon, ottaa radiokalusto antenneineen mukaan ja pit\u00e4\u00e4 luonnosta k\u00e4sin yhteyksi\u00e4 tai vaihtoehtoisesti pit\u00e4\u00e4 yhteyksi\u00e4 n\u00e4ihin \u201dpuska-asemiin\u201d omalta kotiasemaltaan. Molemmissa on oma vieh\u00e4tyksens\u00e4, mutta kaikkein mukavinta on l\u00e4hte\u00e4 itse luontoon pit\u00e4m\u00e4\u00e4n radioyhteyksi\u00e4 \u2013 olipa paikka mets\u00e4ss\u00e4, tunturissa tai vaikkapa saaressa. P\u00e4ivitt\u00e4in on ymp\u00e4ri maailmaa kuultavissa radioamat\u00f6\u00f6rej\u00e4, jotka ovat l\u00e4hteneet ulos luontoon pit\u00e4m\u00e4\u00e4n yhteyksi\u00e4.<br \/>\nPuskakusoilussa\u201d on yhtym\u00e4kohtia geok\u00e4tk\u00f6ilyyn. Kun l\u00e4hdet itse pit\u00e4m\u00e4\u00e4n yhteyksi\u00e4 mets\u00e4\u00e4n, olet geok\u00e4tk\u00f6ilytermeill\u00e4 \u201dk\u00e4tk\u00f6\u201d. Luonnossa retkeilev\u00e4 \u201daktivoija\u201d tuo alueen \u00e4\u00e4neen radioaalloilla, ja kotiasemillaan istuvat \u201dhuntterit\u201d eli jahtaajat pyrkiv\u00e4t saamaan yhteyden n\u00e4ihin aktivoijiin. Ker\u00e4ily on t\u00e4m\u00e4n radioamat\u00f6\u00f6ritoiminnan olennainen osa. Kun geok\u00e4tk\u00f6ilij\u00e4t laskevat l\u00f6yt\u00e4miens\u00e4 k\u00e4tk\u00f6jen m\u00e4\u00e4r\u00e4\u00e4, \u201dpuska-aktivoijat\u201d ker\u00e4\u00e4v\u00e4t aktivoituja \u201dpuskia\u201d ja \u201dhuntterit\u201d pyrkiv\u00e4t pit\u00e4m\u00e4\u00e4n yhteyden mahdollisimman moneen eri \u201dpuskaan\u201d. Numeeriset etapit oikeuttavat diplomeihin sek\u00e4 tietysti maineeseen ja kunniaan harrastajayhteis\u00f6n sis\u00e4ll\u00e4.<br \/>\nMaailmanlaajuisesti toimintaa koordinoi World Wide Flora &amp; Fauna (WWFF) ja Suomessa sen alaohjelma OH Flora &amp; Fauna Finland (OHFF). Ne perustuvat vapaaehtoistoimintaan ja yll\u00e4pit\u00e4v\u00e4t muun muassa luetteloa niist\u00e4 luonnonsuojelualueista, jotka kuuluvat toiminnan piiriin. Esimerkiksi Suomessa n\u00e4it\u00e4 alueita eli \u201dOHFF-puskia\u201d oli vuoden 2023 lopussa noin 1 600 kpl.<\/p>\n<p>Toinen maailmanlaajuisesti suosittu ulkoilun ja radioamat\u00f6\u00f6ritoiminnan yhdist\u00e4v\u00e4 \u201dpuskakusoilun\u201d muoto on \u201dSummits on the Air\u201d -ohjelma (SOTA), jossa aktivoidaan m\u00e4kien tai vuorten huippuja. Suomesta mukana on 300 m\u00e4ke\u00e4. L\u00e4hin kohde on muun muassa Tiirismaa Hollolassa. N\u00e4it\u00e4kin asemia on kuultavissa l\u00e4hes p\u00e4ivitt\u00e4in ja ymp\u00e4ri vuoden.<\/p>\n<p>Lis\u00e4ksi on olemassa kolmas radioamat\u00f6\u00f6rej\u00e4 ulos aktivoiva maailmanlaajuinen ohjelma \u201dParks on the Air\u201d (POTA), jossa Suomesta mukana on t\u00e4ll\u00e4 hetkell\u00e4 338 puistoa, l\u00e4hinn\u00e4 luonnonsuojelualueita. Kaikista edell\u00e4 mainituista ohjelmista on kattavat listat netiss\u00e4 karttoineen, sijainteineen ja muine tietoineen.<\/p>\n<p>Luonnon keskelt\u00e4 ei kuitenkaan tarvitse pit\u00e4\u00e4 yhteyksi\u00e4 ainoastaan luonnonsuojelualueilta tai johonkin erityiseen ohjelmaan kuuluvasta paikasta, vaan kaikki luonnosta pidetyt yhteydet ovat mielenkiintoisia. Ennalta listattuun paikkaan menemisess\u00e4 on kuitenkin se hyv\u00e4 puoli, ett\u00e4 t\u00e4ytyy etuk\u00e4teen ottaa selv\u00e4\u00e4 paikan sijainnista ja on osattava itse suunnistaa perille. Lis\u00e4ksi tutustuu konkreettisesti kyseiseen luontokohteeseen. Paikkaan saavuttaessa saattaa tulla eteen yll\u00e4tt\u00e4vi\u00e4 haasteita pystytt\u00e4\u00e4 antenni ja radioasema. Et ehk\u00e4 ennakkoon osannutkaan arvata, mink\u00e4lainen ryteikk\u00f6 kyseinen luontokohde onkaan.<\/p>\n<p><a href=\"http:\/\/putkiradiomuseo.fi\/Viestikilta\/wp-content\/uploads\/2024\/07\/Kuva0007-rotated.jpg\"><img decoding=\"async\" loading=\"lazy\" class=\"aligncenter size-full wp-image-354\" src=\"http:\/\/putkiradiomuseo.fi\/Viestikilta\/wp-content\/uploads\/2024\/07\/Kuva0007-rotated.jpg\" alt=\"\" width=\"1600\" height=\"1200\" srcset=\"http:\/\/putkiradiomuseo.fi\/Viestikilta\/wp-content\/uploads\/2024\/07\/Kuva0007-rotated.jpg 1600w, http:\/\/putkiradiomuseo.fi\/Viestikilta\/wp-content\/uploads\/2024\/07\/Kuva0007-300x225.jpg 300w, http:\/\/putkiradiomuseo.fi\/Viestikilta\/wp-content\/uploads\/2024\/07\/Kuva0007-1024x768.jpg 1024w, http:\/\/putkiradiomuseo.fi\/Viestikilta\/wp-content\/uploads\/2024\/07\/Kuva0007-768x576.jpg 768w, http:\/\/putkiradiomuseo.fi\/Viestikilta\/wp-content\/uploads\/2024\/07\/Kuva0007-1536x1152.jpg 1536w\" sizes=\"(max-width: 1600px) 100vw, 1600px\" \/><\/a>Pienikokoinen, itse tehty radioamat\u00f6\u00f6rik\u00e4ytt\u00f6\u00f6n tarkoitettu l\u00e4hetin-vastaanotin ja 5 watin l\u00e4hetysteho riitt\u00e4\u00e4 saamaan yhteyksi\u00e4 ymp\u00e4ri maapallon.<\/p>\n<p>Mit\u00e4 j\u00e4rke\u00e4 t\u00e4ss\u00e4 sitten on?<br \/>\nKun l\u00e4htee ulos luonnon keskelle pit\u00e4m\u00e4\u00e4n radioyhteyksi\u00e4, niin monet taidot v\u00e4ist\u00e4m\u00e4tt\u00e4 kehittyv\u00e4t. Ensinn\u00e4kin t\u00e4m\u00e4 radioamat\u00f6\u00f6ritoiminnan muoto parantaa viestimiehen perustaitoja: T\u00e4ytyy osata pystytt\u00e4\u00e4 antenni ottaen huomioon maaston erityispiirteet ja mahdolliset antennin kiinnityspisteet. Toiseksi t\u00e4ytyy osata varata riitt\u00e4v\u00e4 s\u00e4hk\u00f6nsaanti todenn\u00e4k\u00f6isimmin akuilla. T\u00e4ytyy my\u00f6s itse jaksaa kantaa kaikki tavarat mukana, pystytt\u00e4\u00e4 leiri, suunnistaa kohteeseen jne. Kunnon yll\u00e4pito onnistuu siin\u00e4 sivussa, l\u00e4hes huomaamatta, kun joutuu patikoimaan perille.<br \/>\nK\u00e4yt\u00e4nn\u00f6n viestitystaidot kehittyv\u00e4t varsinaisia yhteyksi\u00e4 pit\u00e4ess\u00e4. Yhteyksi\u00e4 voi pit\u00e4\u00e4 joko s\u00e4hk\u00f6tyksell\u00e4, puheella tai digitaalisilla l\u00e4hetelajeilla. Mik\u00e4\u00e4n ei my\u00f6sk\u00e4\u00e4n est\u00e4 luonnossa operoinnin ajoittamista HF-turvaviestiharjoitusten yhteyteen. Itse olen intohimoinen s\u00e4hk\u00f6tyksen harrastaja, joten omat luonnon keskelt\u00e4 pidetyt yhteydet tulee pidetty\u00e4 l\u00e4hes yksinomaan s\u00e4hk\u00f6tyksell\u00e4. S\u00e4hk\u00f6tys on siit\u00e4 hyv\u00e4 l\u00e4hetelaji, ett\u00e4 s\u00e4hk\u00f6tysyhteydet onnistuvat helposti my\u00f6s hyvin pienill\u00e4 tehoilla, jolloin radiot ovat pienikokoisia ja kevyit\u00e4 kuljettaa mukana. Luonnon keskelt\u00e4 yhteyksi\u00e4 pidett\u00e4ess\u00e4 on mit\u00e4 todenn\u00e4k\u00f6isimmin my\u00f6s pakotettu k\u00e4ytt\u00e4m\u00e4\u00e4n alhaista l\u00e4hetystehoa (QRP). Alhaisen l\u00e4hetystehon k\u00e4ytt\u00e4minen on omasta mielest\u00e4ni kiehtova ja yksi haasteellisimmista radioamat\u00f6\u00f6ritoiminnan muodoista. QRP-yhteyksi\u00e4 pidet\u00e4\u00e4n s\u00e4hk\u00f6tyksell\u00e4 alle 5 watin l\u00e4hetysteholla, ja puheella alle 10 watin teholla. Yhteyksi\u00e4 saa kuitenkin jopa milliwattitehoilla eli alle yhdell\u00e4 watilla.<\/p>\n<p>QRP-yhteydet ovat omiaan luonnosta k\u00e4sin operoitaessa. Ne kehitt\u00e4v\u00e4t v\u00e4ist\u00e4m\u00e4tt\u00e4 viestitystaitoja: On osattava valita vuorokaudenaikaan parhaiten sopiva taajuusalue ja antennista on saatava l\u00e4htem\u00e4\u00e4n sinne sy\u00f6tetty l\u00e4hetysteho mahdollisimman v\u00e4hill\u00e4 h\u00e4vi\u00f6ill\u00e4. Lis\u00e4ksi pit\u00e4\u00e4 osata ottaa huomioon, ett\u00e4 l\u00e4hetteesi saattaa olla vasta-aseman p\u00e4\u00e4ss\u00e4 hyvin heikosti tai ainakin vaihtelevasti kuultavissa, joten sanomat t\u00e4ytyy osata antaa selke\u00e4sti ja on huolehdittava, ett\u00e4 ne on my\u00f6s vastaanotettu oikein. Hienointa on, kun saa yhteyden pidetty\u00e4 itse rakennetuilla laitteilla.<\/p>\n<p>Kun radioamat\u00f6\u00f6ri osaa pit\u00e4\u00e4 yhteyksi\u00e4 mist\u00e4 tahansa ja riippumatta yleisest\u00e4 s\u00e4hk\u00f6verkosta, se nostaa radioamat\u00f6\u00f6rin t\u00e4rkeytt\u00e4 my\u00f6s kriisiviestinn\u00e4ss\u00e4. Periaatteessa kuka tahansa radioamat\u00f6\u00f6ri on heti valmis hoitamaan yhteyksi\u00e4, jos h\u00e4nt\u00e4 joskus tarvitaan.<\/p>\n<p><a href=\"http:\/\/putkiradiomuseo.fi\/Viestikilta\/wp-content\/uploads\/2024\/07\/IMG_6808-scaled.jpg\"><img decoding=\"async\" loading=\"lazy\" class=\"aligncenter size-full wp-image-355\" src=\"http:\/\/putkiradiomuseo.fi\/Viestikilta\/wp-content\/uploads\/2024\/07\/IMG_6808-scaled.jpg\" alt=\"\" width=\"2560\" height=\"1920\" srcset=\"http:\/\/putkiradiomuseo.fi\/Viestikilta\/wp-content\/uploads\/2024\/07\/IMG_6808-scaled.jpg 2560w, http:\/\/putkiradiomuseo.fi\/Viestikilta\/wp-content\/uploads\/2024\/07\/IMG_6808-300x225.jpg 300w, http:\/\/putkiradiomuseo.fi\/Viestikilta\/wp-content\/uploads\/2024\/07\/IMG_6808-1024x768.jpg 1024w, http:\/\/putkiradiomuseo.fi\/Viestikilta\/wp-content\/uploads\/2024\/07\/IMG_6808-768x576.jpg 768w, http:\/\/putkiradiomuseo.fi\/Viestikilta\/wp-content\/uploads\/2024\/07\/IMG_6808-1536x1152.jpg 1536w, http:\/\/putkiradiomuseo.fi\/Viestikilta\/wp-content\/uploads\/2024\/07\/IMG_6808-2048x1536.jpg 2048w\" sizes=\"(max-width: 2560px) 100vw, 2560px\" \/><\/a>T\u00e4m\u00e4 pienikokoinen l\u00e4hetin-vastaanotin on teknisilt\u00e4 ominaisuuksiltaan huippuluokkaa. Laitteen eritt\u00e4in alhainen virrankulutus on my\u00f6s etu, kun ty\u00f6skennell\u00e4\u00e4n ilman yleist\u00e4 s\u00e4hk\u00f6verkkoa.<\/p>\n<p>Pienill\u00e4 tehoilla ja luonnon keskelt\u00e4 yhteyksi\u00e4 pidett\u00e4ess\u00e4 tulee itsell\u00e4ni aina v\u00e4ist\u00e4m\u00e4tt\u00e4 mieleen sota-ajan kaukopartiomies Kyynel-radioineen siell\u00e4 jossakin. H\u00e4n se vasta taitava onkin ollut, kun sen ajan laitteilla ja tositilanteessa on yhteyksi\u00e4 saanut!<\/p>\n<p>Lis\u00e4tietoja netiss\u00e4:<br \/>\nhttps:\/\/ohff.fi<\/p>\n<blockquote class=\"wp-embedded-content\" data-secret=\"zNbGIJgdLC\"><p><a href=\"https:\/\/wwff.co\/\">World Wide Flora &#038; Fauna in Amateur Radio<\/a><\/p><\/blockquote>\n<p><iframe class=\"wp-embedded-content\" sandbox=\"allow-scripts\" security=\"restricted\" style=\"position: absolute; clip: rect(1px, 1px, 1px, 1px);\" title=\"&#8220;World Wide Flora &#038; Fauna in Amateur Radio&#8221; &#8212; WWFF\" src=\"https:\/\/wwff.co\/embed\/#?secret=T97uI8ef6q#?secret=zNbGIJgdLC\" data-secret=\"zNbGIJgdLC\" width=\"500\" height=\"282\" frameborder=\"0\" marginwidth=\"0\" marginheight=\"0\" scrolling=\"no\"><\/iframe><br \/>\nhttps:\/\/www.sota.org.uk\/<\/p>\n<blockquote class=\"wp-embedded-content\" data-secret=\"Sn16PyRmrB\"><p><a href=\"https:\/\/parksontheair.com\/\">Parks on the Air \u00ae<\/a><\/p><\/blockquote>\n<p><iframe class=\"wp-embedded-content\" sandbox=\"allow-scripts\" security=\"restricted\" style=\"position: absolute; clip: rect(1px, 1px, 1px, 1px);\" title=\"&#8220;Parks on the Air \u00ae&#8221; &#8212; POTA\" src=\"https:\/\/parksontheair.com\/embed\/#?secret=7skuRCjXkl#?secret=Sn16PyRmrB\" data-secret=\"Sn16PyRmrB\" width=\"500\" height=\"282\" frameborder=\"0\" marginwidth=\"0\" marginheight=\"0\" scrolling=\"no\"><\/iframe><br \/>\nKirjoittanut: Tuomas Talka, OH5JJL, Kymen Viestikilta.<br \/>\nKuvat: Tuomas Talka<\/p>\n<h2><\/h2>\n<h3><\/h3>\n<h3><\/h3>\n<h3><\/h3>\n<h3><\/h3>\n<h3><\/h3>\n<h3><\/h3>\n<h2><\/h2>\n<h2 style=\"text-align: left;\"><\/h2>\n","protected":false},"excerpt":{"rendered":"<p>OI5ACF on Kymen Viestikilta ry:n sotilasradioamat\u00f6\u00f6riaseman kutsumerkki. Sotilasradioamat\u00f6\u00f6rien FACEBOOK-sivu Yhteyksi\u00e4 \u201dpuskista\u201d &#8211; N\u00e4in yhdist\u00e4t helposti ulkoilun ja radioamat\u00f6\u00f6ritoiminnan sek\u00e4 kehit\u00e4t viestimiehen perustaitoja Radioamat\u00f6\u00f6ritoiminnassa on viime vuosina maailmanlaajuisesti yleistynyt niin sanottu \u201dpuskakusoilu\u201d. T\u00e4ss\u00e4 tarkoituksena on joko itse l\u00e4hte\u00e4 luontoon, ottaa radiokalusto antenneineen mukaan ja pit\u00e4\u00e4 luonnosta k\u00e4sin yhteyksi\u00e4 tai vaihtoehtoisesti pit\u00e4\u00e4 yhteyksi\u00e4 n\u00e4ihin \u201dpuska-asemiin\u201d omalta kotiasemaltaan. [&hellip;]<\/p>\n","protected":false},"author":1,"featured_media":0,"parent":0,"menu_order":0,"comment_status":"closed","ping_status":"closed","template":"","meta":[],"_links":{"self":[{"href":"http:\/\/putkiradiomuseo.fi\/Viestikilta\/wp-json\/wp\/v2\/pages\/121"}],"collection":[{"href":"http:\/\/putkiradiomuseo.fi\/Viestikilta\/wp-json\/wp\/v2\/pages"}],"about":[{"href":"http:\/\/putkiradiomuseo.fi\/Viestikilta\/wp-json\/wp\/v2\/types\/page"}],"author":[{"embeddable":true,"href":"http:\/\/putkiradiomuseo.fi\/Viestikilta\/wp-json\/wp\/v2\/users\/1"}],"replies":[{"embeddable":true,"href":"http:\/\/putkiradiomuseo.fi\/Viestikilta\/wp-json\/wp\/v2\/comments?post=121"}],"version-history":[{"count":28,"href":"http:\/\/putkiradiomuseo.fi\/Viestikilta\/wp-json\/wp\/v2\/pages\/121\/revisions"}],"predecessor-version":[{"id":356,"href":"http:\/\/putkiradiomuseo.fi\/Viestikilta\/wp-json\/wp\/v2\/pages\/121\/revisions\/356"}],"wp:attachment":[{"href":"http:\/\/putkiradiomuseo.fi\/Viestikilta\/wp-json\/wp\/v2\/media?parent=121"}],"curies":[{"name":"wp","href":"https:\/\/api.w.org\/{rel}","templated":true}]}}