{"id":10,"date":"2015-02-02T08:41:43","date_gmt":"2015-02-02T08:41:43","guid":{"rendered":"http:\/\/putkiradiomuseo.fi\/Viestikilta\/?page_id=10"},"modified":"2020-02-25T05:39:26","modified_gmt":"2020-02-25T05:39:26","slug":"toiminta","status":"publish","type":"page","link":"https:\/\/putkiradiomuseo.fi\/Viestikilta\/toiminta\/","title":{"rendered":"Tarkoitus"},"content":{"rendered":"<p class=\"Body\"><a href=\"http:\/\/putkiradiomuseo.fi\/Viestikilta\/wp-content\/uploads\/2015\/02\/viestikilta-logo.gif\"><img decoding=\"async\" loading=\"lazy\" class=\" size-full wp-image-18 alignleft\" src=\"http:\/\/putkiradiomuseo.fi\/Viestikilta\/wp-content\/uploads\/2015\/02\/viestikilta-logo.gif\" alt=\"viestikilta logo\" width=\"157\" height=\"185\" \/><\/a><strong>Kymen Viestikilta ry. Perustettu 27.10.1993.<\/strong><br \/>\nTarkoitus edist\u00e4\u00e4 vapaaehtoista maanpuolustusty\u00f6t\u00e4. Lis\u00e4t\u00e4 j\u00e4seniens\u00e4 ja kansalaisten maanpuolustustahtoa ja olla puolustusvoimissa ja siviiliss\u00e4 viestiteht\u00e4viss\u00e4 palvelevien tai palvelleiden yhdyssiteen\u00e4 ja viestijoukoissa palvelevien varusmiesten viihtyvyyden edist\u00e4j\u00e4n\u00e4. Kehitt\u00e4\u00e4 yhteisty\u00f6t\u00e4 toiminta-alueellaan toimivien maanpuolustusj\u00e4rjest\u00f6jen kanssa. Vaalia alueensa viestiperinteit\u00e4 ja historiallisia muistoja.<br \/>\nToimintamuotona j\u00e4rjest\u00e4\u00e4 j\u00e4senist\u00f6lle kiltailtoja, retki\u00e4 ja tutustumistilaisuuksia,koulutusta.<br \/>\nToiminta-alue Kymenlaakso. J\u00e4senist\u00f6\u00e4 koko suomen alueella.<br \/>\nKiltaan voi liitty\u00e4 viestijoukoissa tai muiden puolustushaarojen viesti- tai s\u00e4hk\u00f6teknillisess\u00e4 teht\u00e4v\u00e4ss\u00e4 palveleva tai palvelleen, sek\u00e4 muussa viestiteht\u00e4v\u00e4ss\u00e4 toimineen tai toimivan tai muuten killan toiminnasta kiinnostunut henkil\u00f6.<br \/>\nErityistoimintana killan j\u00e4senist\u00f6 harrastaa radioamat\u00f6\u00f6ritoimintaa ja vahvaa yhteisty\u00f6t\u00e4 muiden alaa harrastavien yhdistysten- ja henkil\u00f6iden kanssa. Esim. varaviestiverkko harjoitusten yhteydess\u00e4.<br \/>\nKilta on Viestikiltojen liiton ja Maanpuolustuskiltojen liiton j\u00e4senyhdistys.<\/p>\n","protected":false},"excerpt":{"rendered":"<p>Kymen Viestikilta ry. Perustettu 27.10.1993. Tarkoitus edist\u00e4\u00e4 vapaaehtoista maanpuolustusty\u00f6t\u00e4. Lis\u00e4t\u00e4 j\u00e4seniens\u00e4 ja kansalaisten maanpuolustustahtoa ja olla puolustusvoimissa ja siviiliss\u00e4 viestiteht\u00e4viss\u00e4 palvelevien tai palvelleiden yhdyssiteen\u00e4 ja viestijoukoissa palvelevien varusmiesten viihtyvyyden edist\u00e4j\u00e4n\u00e4. Kehitt\u00e4\u00e4 yhteisty\u00f6t\u00e4 toiminta-alueellaan toimivien maanpuolustusj\u00e4rjest\u00f6jen kanssa. Vaalia alueensa viestiperinteit\u00e4 ja historiallisia muistoja. Toimintamuotona j\u00e4rjest\u00e4\u00e4 j\u00e4senist\u00f6lle kiltailtoja, retki\u00e4 ja tutustumistilaisuuksia,koulutusta. Toiminta-alue Kymenlaakso. J\u00e4senist\u00f6\u00e4 koko suomen alueella. [&hellip;]<\/p>\n","protected":false},"author":1,"featured_media":0,"parent":0,"menu_order":0,"comment_status":"open","ping_status":"open","template":"","meta":[],"_links":{"self":[{"href":"https:\/\/putkiradiomuseo.fi\/Viestikilta\/wp-json\/wp\/v2\/pages\/10"}],"collection":[{"href":"https:\/\/putkiradiomuseo.fi\/Viestikilta\/wp-json\/wp\/v2\/pages"}],"about":[{"href":"https:\/\/putkiradiomuseo.fi\/Viestikilta\/wp-json\/wp\/v2\/types\/page"}],"author":[{"embeddable":true,"href":"https:\/\/putkiradiomuseo.fi\/Viestikilta\/wp-json\/wp\/v2\/users\/1"}],"replies":[{"embeddable":true,"href":"https:\/\/putkiradiomuseo.fi\/Viestikilta\/wp-json\/wp\/v2\/comments?post=10"}],"version-history":[{"count":11,"href":"https:\/\/putkiradiomuseo.fi\/Viestikilta\/wp-json\/wp\/v2\/pages\/10\/revisions"}],"predecessor-version":[{"id":143,"href":"https:\/\/putkiradiomuseo.fi\/Viestikilta\/wp-json\/wp\/v2\/pages\/10\/revisions\/143"}],"wp:attachment":[{"href":"https:\/\/putkiradiomuseo.fi\/Viestikilta\/wp-json\/wp\/v2\/media?parent=10"}],"curies":[{"name":"wp","href":"https:\/\/api.w.org\/{rel}","templated":true}]}}