{"id":123,"date":"2020-02-24T11:00:58","date_gmt":"2020-02-24T11:00:58","guid":{"rendered":"http:\/\/putkiradiomuseo.fi\/Viestikilta\/?page_id=123"},"modified":"2020-02-24T17:43:00","modified_gmt":"2020-02-24T17:43:00","slug":"jaseneksi","status":"publish","type":"page","link":"https:\/\/putkiradiomuseo.fi\/Viestikilta\/jaseneksi\/","title":{"rendered":"J\u00e4seneksi?"},"content":{"rendered":"<p><div class=\"qcf-main qcf-style default\"><div id=\"rounded\"><div class=\"qcf-state qcf-ajax-loading qcf-style default\"><h3 class=\"validating\">Checking...<\/h3><\/div><div class=\"qcf-state qcf-ajax-error qcf-style default\"><div align=\"center\">Ouch! There was a server error.<br \/><a class=\"qcf-retry\">Retry &raquo;<\/a><\/div><\/div><div class=\"qcf-state qcf-sending qcf-style default\"><h3 class=\"sending\">Sending message...<\/h3><\/div><div class='qcf-state qcf-form-wrapper'>\r\t<h3 class=\"qcf-header\">Kymen Viestikilta ry:n j\u00e4senhakemuslomake<\/h3>\r\t<p class=\"qcf-blurb\">T\u00e4yt\u00e4 allaolevat kent\u00e4t<\/p>\r\t<form class='qcf-form' action=\"\" method=\"POST\" enctype=\"multipart\/form-data\" id=\"qfc-form-default-1\">\r\t<input type='hidden' name='id' value='' \/>\r\t<input type=\"text\" id=\"qcf-form-field-id--1\" placeholder=\"Etunimet\" class=\"qcf-form-field\" name=\"qcfname1\" value=\"\">\r\t<input type=\"text\" id=\"qcf-form-field-id--11\" placeholder=\"Sukunimi\" class=\"qcf-form-field\" name=\"qcfname11\" value=\"\"><br>\r\t<input type=\"text\" id=\"qcf-form-field-id--10\" placeholder=\"Syntym\u00e4aika\" class=\"qcf-form-field qcfdate \" name=\"qcfname10\" value=\"\" \/><input type=\"text\" id=\"qcf-form-field-id--9\" placeholder=\"Ammatti\" class=\"qcf-form-field\" name=\"qcfname9\" value=\"\">\r\t<input type=\"text\" id=\"qcf-form-field-id--3\" placeholder=\"Puhelin\" class=\"qcf-form-field\" name=\"qcfname3\" value=\"\">\r\t<input type=\"email\" id=\"qcf-form-field-id--2\" placeholder=\"S\u00e4hk\u00f6posti\" class=\"qcf-form-field\" name=\"qcfname2\" value=\"\">\r\t<textarea id=\"qcf-form-field-id--4\" placeholder=\"Postiosoite\" class=\"qcf-form-field\" name=\"qcfname4\"><\/textarea>\r\t<input type=\"text\" id=\"qcf-form-field-id--13\" placeholder=\"Aselaji (viesti, tms)\" class=\"qcf-form-field\" name=\"qcfname13\" value=\"\">\r\t<select name=\"qcfname5\" class=\"\"><option value=\"Puolustushaara\">Puolustushaara<\/option>\r\t<option value=\"Maavoimat\">Maavoimat<\/option>\r\t<option value=\"Merivoimat\">Merivoimat<\/option>\r\t<option value=\"Ilmavoimat\">Ilmavoimat<\/option>\r\t<option value=\"Rajavartiolaitos\">Rajavartiolaitos<\/option>\r\t<\/select>\r\t<input type=\"text\" id=\"qcf-form-field-id--8\" placeholder=\"Sotilasarvo (jos on)\" class=\"qcf-form-field\" name=\"qcfname8\" value=\"\">\r\t<p><input type=\"submit\" value=\"L\u00e4het\u00e4\" id=\"submit\" name=\"qcfsubmit\" \/><\/p><input type=\"hidden\" name=\"form_id\" value=\"69dff501f2cf92\" \/><\/form><\/div>\r\t<div style=\"clear:both\"><\/div><\/div>\r\t<\/div>\r\t<br \/>\nKymen Viestikilta ry. k\u00e4ytt\u00e4\u00e4 MPKL:n j\u00e4senrekisteri\u00e4.<br \/>\nVoit itse p\u00e4ivitt\u00e4\u00e4 tietojasi MPKL:n j\u00e4senrekisteriss\u00e4.<\/p>\n","protected":false},"excerpt":{"rendered":"<p>Kymen Viestikilta ry. k\u00e4ytt\u00e4\u00e4 MPKL:n j\u00e4senrekisteri\u00e4. Voit itse p\u00e4ivitt\u00e4\u00e4 tietojasi MPKL:n j\u00e4senrekisteriss\u00e4.<\/p>\n","protected":false},"author":1,"featured_media":0,"parent":0,"menu_order":0,"comment_status":"closed","ping_status":"closed","template":"","meta":[],"_links":{"self":[{"href":"https:\/\/putkiradiomuseo.fi\/Viestikilta\/wp-json\/wp\/v2\/pages\/123"}],"collection":[{"href":"https:\/\/putkiradiomuseo.fi\/Viestikilta\/wp-json\/wp\/v2\/pages"}],"about":[{"href":"https:\/\/putkiradiomuseo.fi\/Viestikilta\/wp-json\/wp\/v2\/types\/page"}],"author":[{"embeddable":true,"href":"https:\/\/putkiradiomuseo.fi\/Viestikilta\/wp-json\/wp\/v2\/users\/1"}],"replies":[{"embeddable":true,"href":"https:\/\/putkiradiomuseo.fi\/Viestikilta\/wp-json\/wp\/v2\/comments?post=123"}],"version-history":[{"count":9,"href":"https:\/\/putkiradiomuseo.fi\/Viestikilta\/wp-json\/wp\/v2\/pages\/123\/revisions"}],"predecessor-version":[{"id":139,"href":"https:\/\/putkiradiomuseo.fi\/Viestikilta\/wp-json\/wp\/v2\/pages\/123\/revisions\/139"}],"wp:attachment":[{"href":"https:\/\/putkiradiomuseo.fi\/Viestikilta\/wp-json\/wp\/v2\/media?parent=123"}],"curies":[{"name":"wp","href":"https:\/\/api.w.org\/{rel}","templated":true}]}}