{"id":30,"date":"2015-02-02T09:12:05","date_gmt":"2015-02-02T09:12:05","guid":{"rendered":"http:\/\/putkiradiomuseo.fi\/Viestikilta\/?page_id=30"},"modified":"2024-03-11T10:14:15","modified_gmt":"2024-03-11T10:14:15","slug":"tapahtumia","status":"publish","type":"page","link":"https:\/\/putkiradiomuseo.fi\/Viestikilta\/tapahtumia\/","title":{"rendered":"Tapahtumia"},"content":{"rendered":"<table class=\"events-table\" cellspacing=\"0\" cellpadding=\"0\">\n<thead>\n<tr>\n<th class=\"event-time\" width=\"150\">P\u00c4IV\u00c4YS JA AIKA<\/th>\n<th class=\"event-description\" width=\"*\">TAPAHTUMA<\/th>\n<\/tr>\n<\/thead>\n<tbody>\n<tr>\n<td>13\/04\/2024<\/td>\n<td><a href=\"https:\/\/www.viestikiltojenliitto.fi\/?event=sotilasradiopaiva-kouvola\">Sotilasradiop\u00e4iv\u00e4, Kouvola<\/a><br \/>\n<i>Kouvola-talo, Kouvola<\/i><\/td>\n<\/tr>\n<tr>\n<td>04\/05\/2024<\/td>\n<td><a href=\"https:\/\/www.viestikiltojenliitto.fi\/?event=museo-militaria-paiva-2\">Museo Militaria-p\u00e4iv\u00e4<\/a><br \/>\n<i>Museo Militaria, H\u00e4meenlinna<\/i><\/td>\n<\/tr>\n<tr>\n<td>04\/06\/2024<\/td>\n<td><a href=\"https:\/\/www.viestikiltojenliitto.fi\/?event=perinneradiotapahtuma-12\">Perinneradiotapahtuma<\/a><\/td>\n<\/tr>\n<tr>\n<td>24\/08\/2024 &#8211; 25\/08\/2024<\/td>\n<td><a href=\"https:\/\/www.viestikiltojenliitto.fi\/?event=viestimiespaivat-5\">Viestimiesp\u00e4iv\u00e4t<\/a><\/td>\n<\/tr>\n<tr>\n<td>02\/09\/2024 &#8211; 08\/09\/2024<\/td>\n<td><a href=\"https:\/\/www.viestikiltojenliitto.fi\/?event=paikallispuolustusharjoitus-2-2024-ja-hf-varaverkkoharjoitus\">Paikallispuolustusharjoitus 2\/2024 ja HF-varaverkkoharjoitus<\/a><\/td>\n<\/tr>\n<tr>\n<td>20\/09\/2024<\/td>\n<td><a href=\"https:\/\/www.viestikiltojenliitto.fi\/?event=a-r-saarmaan-paiva-ja-saarmaa-seminaari\">A.R. Saarmaan p\u00e4iv\u00e4 ja Saarmaa-seminaari<\/a><\/td>\n<\/tr>\n<\/tbody>\n<\/table>\n","protected":false},"excerpt":{"rendered":"<p>P\u00c4IV\u00c4YS JA AIKA TAPAHTUMA 13\/04\/2024 Sotilasradiop\u00e4iv\u00e4, Kouvola Kouvola-talo, Kouvola 04\/05\/2024 Museo Militaria-p\u00e4iv\u00e4 Museo Militaria, H\u00e4meenlinna 04\/06\/2024 Perinneradiotapahtuma 24\/08\/2024 &#8211; 25\/08\/2024 Viestimiesp\u00e4iv\u00e4t 02\/09\/2024 &#8211; 08\/09\/2024 Paikallispuolustusharjoitus 2\/2024 ja HF-varaverkkoharjoitus 20\/09\/2024 A.R. Saarmaan p\u00e4iv\u00e4 ja Saarmaa-seminaari<\/p>\n","protected":false},"author":1,"featured_media":0,"parent":0,"menu_order":0,"comment_status":"closed","ping_status":"closed","template":"","meta":[],"_links":{"self":[{"href":"https:\/\/putkiradiomuseo.fi\/Viestikilta\/wp-json\/wp\/v2\/pages\/30"}],"collection":[{"href":"https:\/\/putkiradiomuseo.fi\/Viestikilta\/wp-json\/wp\/v2\/pages"}],"about":[{"href":"https:\/\/putkiradiomuseo.fi\/Viestikilta\/wp-json\/wp\/v2\/types\/page"}],"author":[{"embeddable":true,"href":"https:\/\/putkiradiomuseo.fi\/Viestikilta\/wp-json\/wp\/v2\/users\/1"}],"replies":[{"embeddable":true,"href":"https:\/\/putkiradiomuseo.fi\/Viestikilta\/wp-json\/wp\/v2\/comments?post=30"}],"version-history":[{"count":8,"href":"https:\/\/putkiradiomuseo.fi\/Viestikilta\/wp-json\/wp\/v2\/pages\/30\/revisions"}],"predecessor-version":[{"id":341,"href":"https:\/\/putkiradiomuseo.fi\/Viestikilta\/wp-json\/wp\/v2\/pages\/30\/revisions\/341"}],"wp:attachment":[{"href":"https:\/\/putkiradiomuseo.fi\/Viestikilta\/wp-json\/wp\/v2\/media?parent=30"}],"curies":[{"name":"wp","href":"https:\/\/api.w.org\/{rel}","templated":true}]}}