{"id":60,"date":"2023-05-11T05:49:03","date_gmt":"2023-05-11T05:49:03","guid":{"rendered":"https:\/\/putkiradiomuseo.fi\/tuki\/?page_id=60"},"modified":"2023-05-12T08:46:04","modified_gmt":"2023-05-12T05:46:04","slug":"kannatusjasen","status":"publish","type":"page","link":"https:\/\/putkiradiomuseo.fi\/tuki\/index.php\/kannatusjasen\/","title":{"rendered":"Kannatusj\u00e4sen"},"content":{"rendered":"<p>Radiomuseon Tuki tarvitsee nimens\u00e4 mukaisesti my\u00f6s tukij\u00e4seni\u00e4. Tukij\u00e4senin\u00e4 voivat toimia mm. yksityishenkil\u00f6t, yhdistykset ja yritykset. Tukimaksun suuruus on tukijan itsens\u00e4 p\u00e4\u00e4tett\u00e4viss\u00e4 eik\u00e4 vuosittaista j\u00e4senmaksua ole. Maksamalla yhdistyksen tilille tuet arvokasta museotoiminnan jatkuvuutta. Tilisiirron viestikentt\u00e4\u00e4n on syyt\u00e4 laittaa maininta &#8221;Tukimaksu v. 20xx&#8221;<\/p>\n<p>Kiitos jo etuk\u00e4teen!<\/p>\n","protected":false},"excerpt":{"rendered":"<p>Radiomuseon Tuki tarvitsee nimens\u00e4 mukaisesti my\u00f6s tukij\u00e4seni\u00e4. Tukij\u00e4senin\u00e4 voivat toimia mm. yksityishenkil\u00f6t, yhdistykset ja yritykset. Tukimaksun suuruus on tukijan itsens\u00e4 p\u00e4\u00e4tett\u00e4viss\u00e4 eik\u00e4 vuosittaista j\u00e4senmaksua ole. Maksamalla yhdistyksen tilille tuet arvokasta museotoiminnan jatkuvuutta. Tilisiirron viestikentt\u00e4\u00e4n on syyt\u00e4 laittaa maininta &#8221;Tukimaksu v. 20xx&#8221; Kiitos jo etuk\u00e4teen!<\/p>\n","protected":false},"author":1,"featured_media":0,"parent":0,"menu_order":0,"comment_status":"closed","ping_status":"closed","template":"","meta":{"footnotes":""},"class_list":["post-60","page","type-page","status-publish","hentry"],"_links":{"self":[{"href":"https:\/\/putkiradiomuseo.fi\/tuki\/index.php\/wp-json\/wp\/v2\/pages\/60","targetHints":{"allow":["GET"]}}],"collection":[{"href":"https:\/\/putkiradiomuseo.fi\/tuki\/index.php\/wp-json\/wp\/v2\/pages"}],"about":[{"href":"https:\/\/putkiradiomuseo.fi\/tuki\/index.php\/wp-json\/wp\/v2\/types\/page"}],"author":[{"embeddable":true,"href":"https:\/\/putkiradiomuseo.fi\/tuki\/index.php\/wp-json\/wp\/v2\/users\/1"}],"replies":[{"embeddable":true,"href":"https:\/\/putkiradiomuseo.fi\/tuki\/index.php\/wp-json\/wp\/v2\/comments?post=60"}],"version-history":[{"count":2,"href":"https:\/\/putkiradiomuseo.fi\/tuki\/index.php\/wp-json\/wp\/v2\/pages\/60\/revisions"}],"predecessor-version":[{"id":75,"href":"https:\/\/putkiradiomuseo.fi\/tuki\/index.php\/wp-json\/wp\/v2\/pages\/60\/revisions\/75"}],"wp:attachment":[{"href":"https:\/\/putkiradiomuseo.fi\/tuki\/index.php\/wp-json\/wp\/v2\/media?parent=60"}],"curies":[{"name":"wp","href":"https:\/\/api.w.org\/{rel}","templated":true}]}}